{"id":15,"date":"2021-05-28T10:52:59","date_gmt":"2021-05-28T08:52:59","guid":{"rendered":"https:\/\/overdriveart.com\/?page_id=15"},"modified":"2025-05-14T15:24:41","modified_gmt":"2025-05-14T13:24:41","slug":"logistica-opere-d-arte","status":"publish","type":"page","link":"https:\/\/overdriveart.com\/en\/logistica-opere-d-arte\/","title":{"rendered":"Transport"},"content":{"rendered":"<p>[et_pb_section fb_built=&#8221;1&#8243; _builder_version=&#8221;4.9.11&#8243; _module_preset=&#8221;default&#8221; use_background_color_gradient=&#8221;on&#8221; background_color_gradient_start=&#8221;rgba(0,0,0,0.4)&#8221; background_color_gradient_end=&#8221;rgba(0,0,0,0)&#8221; background_color_gradient_start_position=&#8221;100%&#8221; background_color_gradient_overlays_image=&#8221;on&#8221; background_image=&#8221;https:\/\/overdriveart.com\/wp-content\/uploads\/2021\/05\/airplane-PATQH56-scaled.jpg&#8221; max_width=&#8221;100%&#8221; custom_margin=&#8221;-92px||0px||false|false&#8221; custom_padding=&#8221;250px||160px||false|false&#8221; global_colors_info=&#8221;{}&#8221;][et_pb_row _builder_version=&#8221;4.9.4&#8243; _module_preset=&#8221;default&#8221; global_colors_info=&#8221;{}&#8221;][et_pb_column type=&#8221;4_4&#8243; _builder_version=&#8221;4.9.4&#8243; _module_preset=&#8221;default&#8221; global_colors_info=&#8221;{}&#8221;][et_pb_text _builder_version=&#8221;4.10.8&#8243; _module_preset=&#8221;default&#8221; header_font=&#8221;Red Hat Display|700||on|||||&#8221; header_text_align=&#8221;center&#8221; header_text_color=&#8221;#FFFFFF&#8221; header_3_font=&#8221;Red Hat Display|700|||||||&#8221; header_3_text_align=&#8221;center&#8221; header_3_text_color=&#8221;#FFFFFF&#8221; header_5_font=&#8221;Red Hat Display|500|||||||&#8221; header_5_text_align=&#8221;center&#8221; header_5_text_color=&#8221;#FFFFFF&#8221; header_5_font_size=&#8221;40px&#8221; custom_margin=&#8221;||-1px|||&#8221; global_colors_info=&#8221;{}&#8221;]<\/p>\n<h1>Art logistics<\/h1>\n<p>[\/et_pb_text][\/et_pb_column][\/et_pb_row][\/et_pb_section][et_pb_section fb_built=&#8221;1&#8243; _builder_version=&#8221;4.9.4&#8243; _module_preset=&#8221;default&#8221; max_width=&#8221;100%&#8221; custom_margin=&#8221;60px||100px||false|false&#8221; global_colors_info=&#8221;{}&#8221;][et_pb_row _builder_version=&#8221;4.9.4&#8243; _module_preset=&#8221;default&#8221; width=&#8221;90%&#8221; max_width=&#8221;1600px&#8221; global_colors_info=&#8221;{}&#8221;][et_pb_column type=&#8221;4_4&#8243; _builder_version=&#8221;4.9.4&#8243; _module_preset=&#8221;default&#8221; global_colors_info=&#8221;{}&#8221;][et_pb_text _builder_version=&#8221;4.10.8&#8243; _module_preset=&#8221;default&#8221; header_2_font=&#8221;Red Hat Display|700|||||||&#8221; header_2_text_align=&#8221;center&#8221; header_2_text_color=&#8221;#9b9b9b&#8221; header_2_font_size=&#8221;20px&#8221; header_3_font=&#8221;Red Hat Display|700|||||||&#8221; header_3_text_align=&#8221;center&#8221; header_3_text_color=&#8221;#9b9b9b&#8221; header_3_font_size=&#8221;20px&#8221; header_5_font=&#8221;Red Hat Display|700|||||||&#8221; header_5_text_align=&#8221;center&#8221; header_5_text_color=&#8221;#9b9b9b&#8221; header_5_font_size=&#8221;20px&#8221; custom_margin=&#8221;||2px|||&#8221; global_colors_info=&#8221;{}&#8221;]<\/p>\n<h5>Discover our specialized service<\/h5>\n<p>[\/et_pb_text][et_pb_text _builder_version=&#8221;4.10.8&#8243; _module_preset=&#8221;default&#8221; header_font=&#8221;Red Hat Display|700|||||||&#8221; header_text_color=&#8221;#2682AD&#8221; header_font_size=&#8221;40px&#8221; header_letter_spacing=&#8221;1px&#8221; header_line_height=&#8221;1.1em&#8221; header_2_font=&#8221;Red Hat Display|700|||||||&#8221; header_2_text_align=&#8221;center&#8221; header_2_text_color=&#8221;#2682AD&#8221; header_2_font_size=&#8221;35px&#8221; header_2_line_height=&#8221;1.2em&#8221; custom_margin=&#8221;3px||23px||false|false&#8221; custom_padding=&#8221;0px||0px||true|false&#8221; locked=&#8221;off&#8221; global_colors_info=&#8221;{}&#8221;]<\/p>\n<h2>National and international logistics and transport of artworks<\/h2>\n<p>[\/et_pb_text][et_pb_text _builder_version=&#8221;4.10.8&#8243; _module_preset=&#8221;default&#8221; header_3_font=&#8221;Red Hat Text||||||||&#8221; header_3_text_color=&#8221;#23627A&#8221; text_orientation=&#8221;center&#8221; custom_margin=&#8221;|120px|50px|120px||true&#8221; custom_margin_tablet=&#8221;&#8221; custom_margin_phone=&#8221;|0px|50px|0px|false|true&#8221; custom_margin_last_edited=&#8221;on|phone&#8221; global_colors_info=&#8221;{}&#8221;]<\/p>\n<p data-start=\"889\" data-end=\"1741\" class=\"translation-block\">When it comes to <strong data-start=\"945\" data-end=\"971\">art logistics<\/strong>, it is essential to rely on specialists who can guarantee integrity, punctuality, and safety. <strong data-start=\"1072\" data-end=\"1098\">Art transport<\/strong> requires specific expertise, vehicles equipped with climate control systems, and qualified personnel. Overdriveart offers a dedicated transport service tailored to the needs of museums, galleries, and exhibition organizers.<\/p>\n<p data-start=\"889\" data-end=\"1741\" class=\"translation-block\">Every movement is carefully planned down to the smallest detail, with on-site inspections, handling plans, and continuous support. Additionally, for our clients in <strong data-start=\"1484\" data-end=\"1494\">Milan<\/strong>, we offer a local presence that allows for quick and coordinated interventions, always maintaining the highest quality standards. Thanks to our experience, we position ourselves as a reliable partner for every art-related logistics need.<\/p>\n<p>[\/et_pb_text][\/et_pb_column][\/et_pb_row][et_pb_row column_structure=&#8221;1_2,1_2&#8243; _builder_version=&#8221;4.10.8&#8243; _module_preset=&#8221;default&#8221; width=&#8221;90%&#8221; max_width=&#8221;1600px&#8221; custom_margin=&#8221;50px|auto|50px|auto|true|false&#8221; global_colors_info=&#8221;{}&#8221;][et_pb_column type=&#8221;1_2&#8243; _builder_version=&#8221;4.9.4&#8243; _module_preset=&#8221;default&#8221; global_colors_info=&#8221;{}&#8221;][et_pb_text _builder_version=&#8221;4.10.8&#8243; _module_preset=&#8221;default&#8221; header_3_font=&#8221;Red Hat Text||||||||&#8221; header_3_text_color=&#8221;#23627A&#8221; text_orientation=&#8221;center&#8221; width=&#8221;85.4%&#8221; custom_margin=&#8221;|50px|50px|50px|false|true&#8221; custom_margin_tablet=&#8221;&#8221; custom_margin_phone=&#8221;|0px|50px|0px|false|true&#8221; custom_margin_last_edited=&#8221;on|phone&#8221; global_colors_info=&#8221;{}&#8221;]<\/p>\n<h3 style=\"text-align: left;\"><strong>Art relocation with specialized vehicles<\/strong><\/h3>\n<p style=\"text-align: left;\" class=\"translation-block\">OVERDRIVEART SRL handles the safe and professional transport of artworks by land and air across Italy and Europe.\nFrom packaging to the Status Report, our technicians are solely focused on ensuring the safety of the artworks they transport.<\/p>\n<p style=\"text-align: left;\"><span style=\"font-weight: 400;\"><\/span><span style=\"font-weight: 400;\">Whether you're transporting a single artwork or relocating an entire exhibition or collection, we\u2019re here for you. It doesn\u2019t matter if it\u2019s a piece of art, antique furniture, or design items safely and accurately delivering your pieces wherever you need them is the foundation of our work.<\/span><\/p>\n<p style=\"text-align: left;\"><span style=\"font-weight: 400;\"><\/span><span style=\"font-weight: 400;\">Before departure, each transport is carefully planned by our office, coordinating schedules and timelines with clients and arranging on-site inspections of the artworks when needed. We also provide Assistance Services for customs procedures and the completion of transport documentation.<\/span><\/p>\n<p>[\/et_pb_text][\/et_pb_column][et_pb_column type=&#8221;1_2&#8243; _builder_version=&#8221;4.10.8&#8243; _module_preset=&#8221;default&#8221; background_image=&#8221;https:\/\/overdriveart.com\/wp-content\/uploads\/2021\/08\/WhatsApp-Image-2021-06-07-at-12.06.08-scaled.jpeg&#8221; global_colors_info=&#8221;{}&#8221;][\/et_pb_column][\/et_pb_row][et_pb_row column_structure=&#8221;1_2,1_2&#8243; _builder_version=&#8221;4.10.8&#8243; _module_preset=&#8221;default&#8221; width=&#8221;90%&#8221; max_width=&#8221;1600px&#8221; custom_padding=&#8221;0px||0px|44px|true|false&#8221; global_colors_info=&#8221;{}&#8221;][et_pb_column type=&#8221;1_2&#8243; _builder_version=&#8221;4.10.8&#8243; _module_preset=&#8221;default&#8221; background_image=&#8221;https:\/\/overdriveart.com\/wp-content\/uploads\/2021\/07\/4.jpg&#8221; global_colors_info=&#8221;{}&#8221;][\/et_pb_column][et_pb_column type=&#8221;1_2&#8243; _builder_version=&#8221;4.9.4&#8243; _module_preset=&#8221;default&#8221; global_colors_info=&#8221;{}&#8221;][et_pb_text _builder_version=&#8221;4.10.8&#8243; _module_preset=&#8221;default&#8221; header_3_font=&#8221;Red Hat Text||||||||&#8221; header_3_text_color=&#8221;#23627A&#8221; text_orientation=&#8221;center&#8221; width=&#8221;84.2%&#8221; custom_margin=&#8221;|50px|50px|50px|false|true&#8221; custom_margin_tablet=&#8221;&#8221; custom_margin_phone=&#8221;|0px|50px|0px|false|true&#8221; custom_margin_last_edited=&#8221;on|phone&#8221; custom_padding=&#8221;40px|||||&#8221; global_colors_info=&#8221;{}&#8221;]<\/p>\n<h3 style=\"text-align: left;\"><strong>Art transport by land, sea, and air<\/strong><\/h3>\n<p style=\"text-align: left;\" class=\"translation-block\">We offer both dedicated and groupage transport, providing different solutions for different needs.\nDedicated transport allows for faster delivery to the chosen destination, with timing entirely decided by the client.<\/p>\n<p style=\"text-align: left;\"><span style=\"font-size: 14px;\">Groupage transport, on the other hand, offers a more cost-effective solution by combining your shipment with others headed to similar destinations. Our vehicles travel regularly throughout Italy and Europe, reaching major Italian and European capitals.<\/span><\/p>\n<p style=\"text-align: left;\" class=\"translation-block\"><span style=\"font-weight: 400\"><strong>If you want to stay updated on our groupage transports, subscribe to our newsletter<\/strong>,<a href=\"https:\/\/overdriveart.us4.list-manage.com\/subscribe?u=aeefc6a4c4e9c181ab69debd5&amp;id=6ee1659e1f\" target=\"_self\"> by clicking here<\/a>.<\/span><\/p>\n<p style=\"text-align: left;\">\n<p>[\/et_pb_text][\/et_pb_column][\/et_pb_row][et_pb_row _builder_version=&#8221;4.9.4&#8243; _module_preset=&#8221;default&#8221; width=&#8221;91%&#8221; max_width=&#8221;1600px&#8221; custom_padding=&#8221;50px||50px||true|false&#8221; global_colors_info=&#8221;{}&#8221;][et_pb_column type=&#8221;4_4&#8243; _builder_version=&#8221;4.9.4&#8243; _module_preset=&#8221;default&#8221; global_colors_info=&#8221;{}&#8221;][et_pb_text _builder_version=&#8221;4.10.8&#8243; _module_preset=&#8221;default&#8221; header_3_font=&#8221;Red Hat Text||||||||&#8221; header_3_text_color=&#8221;#23627A&#8221; text_orientation=&#8221;center&#8221; custom_margin=&#8221;|120px|50px|120px||true&#8221; custom_margin_tablet=&#8221;&#8221; custom_margin_phone=&#8221;|0px|50px|0px|false|true&#8221; custom_margin_last_edited=&#8221;on|phone&#8221; global_colors_info=&#8221;{}&#8221;]<\/p>\n<p style=\"text-align: left;\" class=\"translation-block\"><span style=\"font-weight: 400\">For international art fairs and events, we offer groupage services that allow you to reduce transport costs while ensuring safety and speed. Among the art fairs we work with every year are: <strong>FIAC, Frieze, MiArt, Artissima, Art Basel (Basel and Miami), Armory Show, Art Brussels, Tefaf<\/strong>.<\/span><\/p>\n<p style=\"text-align: left;\"><span style=\"font-weight: 400;\"><\/span><span style=\"font-weight: 400;\">Our vehicles are equipped with GPS tracking systems that allow them to be monitored at any time, along with security systems that ensure their impenetrability. We also rely on a vast network of trusted international partners, enabling us to handle transport and installations anywhere in the world, even in locations our company cannot reach directly.<\/span><\/p>\n<p style=\"text-align: left;\"><span style=\"font-weight: 400;\"><\/span><span style=\"font-weight: 400;\">Through air transport, we can reach the most distant destinations quickly and meet even the most complex needs of our clients.<\/span><\/p>\n<p>[\/et_pb_text][\/et_pb_column][\/et_pb_row][et_pb_row _builder_version=&#8221;4.9.4&#8243; _module_preset=&#8221;default&#8221; width=&#8221;90%&#8221; max_width=&#8221;1600px&#8221; global_colors_info=&#8221;{}&#8221;][et_pb_column type=&#8221;4_4&#8243; _builder_version=&#8221;4.9.4&#8243; _module_preset=&#8221;default&#8221; global_colors_info=&#8221;{}&#8221;][et_pb_text _builder_version=&#8221;4.10.8&#8243; _module_preset=&#8221;default&#8221; header_3_font=&#8221;Red Hat Display|700|||||||&#8221; header_3_text_align=&#8221;center&#8221; header_3_text_color=&#8221;#2682AD&#8221; header_4_font=&#8221;Red Hat Display|700|||||||&#8221; header_4_text_align=&#8221;center&#8221; header_4_text_color=&#8221;#2682AD&#8221; header_4_font_size=&#8221;20px&#8221; global_colors_info=&#8221;{}&#8221;]<\/p>\n<h4>Contact OVERDRIVEART to request all the information you need about Art Transport!<\/h4>\n<p>[\/et_pb_text][et_pb_button button_url=&#8221;@ET-DC@eyJkeW5hbWljIjp0cnVlLCJjb250ZW50IjoicG9zdF9saW5rX3VybF9wYWdlIiwic2V0dGluZ3MiOnsicG9zdF9pZCI6IjI5In19@&#8221; button_text=&#8221;Contattaci ora&#8221; button_alignment=&#8221;center&#8221; _builder_version=&#8221;4.10.8&#8243; _dynamic_attributes=&#8221;button_url&#8221; _module_preset=&#8221;default&#8221; custom_button=&#8221;on&#8221; button_text_color=&#8221;#2682AD&#8221; global_colors_info=&#8221;{}&#8221;][\/et_pb_button][\/et_pb_column][\/et_pb_row][\/et_pb_section]<\/p>","protected":false},"excerpt":{"rendered":"<p>Logistica opere d\u2019arteScopri il nostro servizio specializzatoLogistica e trasporto nazionale e internazionale di opere d&#8217;arteQuando si parla di logistica opere d\u2019arte, \u00e8 fondamentale affidarsi a specialisti in grado di garantire integrit\u00e0, puntualit\u00e0 e sicurezza. Il trasporto opere d\u2019arte richiede competenze specifiche, veicoli allestiti con sistemi di controllo climatico e personale qualificato. Overdriveart propone un servizio [&hellip;]<\/p>","protected":false},"author":1,"featured_media":0,"parent":0,"menu_order":0,"comment_status":"closed","ping_status":"closed","template":"","meta":{"_et_pb_use_builder":"on","_et_pb_old_content":"<!-- wp:image -->\n<figure class=\"wp-block-image\"><img alt=\"\"\/><\/figure>\n<!-- \/wp:image -->","_et_gb_content_width":""},"yoast_head":"<!-- This site is optimized with the Yoast SEO plugin v17.2 - https:\/\/yoast.com\/wordpress\/plugins\/seo\/ -->\n<title>Logistica opere d\u2019arte: soluzioni su misura per ogni trasporto | Overdriveart<\/title>\n<meta name=\"description\" content=\"Hai bisogno di logistica opere d\u2019arte sicura e precisa? Scopri il nostro servizio specializzato e richiedi ora una consulenza.\" \/>\n<meta name=\"robots\" content=\"index, follow, max-snippet:-1, max-image-preview:large, max-video-preview:-1\" \/>\n<link rel=\"canonical\" href=\"https:\/\/overdriveart.com\/en\/logistica-opere-d-arte\/\" \/>\n<meta property=\"og:locale\" content=\"en_GB\" \/>\n<meta property=\"og:type\" content=\"article\" \/>\n<meta property=\"og:title\" content=\"Logistica opere d\u2019arte: soluzioni su misura per ogni trasporto | Overdriveart\" \/>\n<meta property=\"og:description\" content=\"Hai bisogno di logistica opere d\u2019arte sicura e precisa? Scopri il nostro servizio specializzato e richiedi ora una consulenza.\" \/>\n<meta property=\"og:url\" content=\"https:\/\/overdriveart.com\/en\/logistica-opere-d-arte\/\" \/>\n<meta property=\"og:site_name\" content=\"Overdriveart\" \/>\n<meta property=\"article:modified_time\" content=\"2025-05-14T13:24:41+00:00\" \/>\n<meta name=\"twitter:card\" content=\"summary_large_image\" \/>\n<meta name=\"twitter:label1\" content=\"Estimated reading time\" \/>\n\t<meta name=\"twitter:data1\" content=\"4 minutes\" \/>\n<script type=\"application\/ld+json\" class=\"yoast-schema-graph\">{\"@context\":\"https:\/\/schema.org\",\"@graph\":[{\"@type\":\"WebSite\",\"@id\":\"https:\/\/overdriveart.com\/#website\",\"url\":\"https:\/\/overdriveart.com\/\",\"name\":\"Overdriveart\",\"description\":\"\",\"potentialAction\":[{\"@type\":\"SearchAction\",\"target\":{\"@type\":\"EntryPoint\",\"urlTemplate\":\"https:\/\/overdriveart.com\/?s={search_term_string}\"},\"query-input\":\"required name=search_term_string\"}],\"inLanguage\":\"en-GB\"},{\"@type\":\"WebPage\",\"@id\":\"https:\/\/overdriveart.com\/logistica-opere-d-arte\/#webpage\",\"url\":\"https:\/\/overdriveart.com\/logistica-opere-d-arte\/\",\"name\":\"Logistica opere d\\u2019arte: soluzioni su misura per ogni trasporto | Overdriveart\",\"isPartOf\":{\"@id\":\"https:\/\/overdriveart.com\/#website\"},\"datePublished\":\"2021-05-28T08:52:59+00:00\",\"dateModified\":\"2025-05-14T13:24:41+00:00\",\"description\":\"Hai bisogno di logistica opere d\\u2019arte sicura e precisa? Scopri il nostro servizio specializzato e richiedi ora una consulenza.\",\"breadcrumb\":{\"@id\":\"https:\/\/overdriveart.com\/logistica-opere-d-arte\/#breadcrumb\"},\"inLanguage\":\"en-GB\",\"potentialAction\":[{\"@type\":\"ReadAction\",\"target\":[\"https:\/\/overdriveart.com\/logistica-opere-d-arte\/\"]}]},{\"@type\":\"BreadcrumbList\",\"@id\":\"https:\/\/overdriveart.com\/logistica-opere-d-arte\/#breadcrumb\",\"itemListElement\":[{\"@type\":\"ListItem\",\"position\":1,\"name\":\"Home\",\"item\":\"https:\/\/overdriveart.com\/\"},{\"@type\":\"ListItem\",\"position\":2,\"name\":\"Trasporti\"}]}]}<\/script>\n<!-- \/ Yoast SEO plugin. -->","yoast_head_json":{"title":"Logistica opere d\u2019arte: soluzioni su misura per ogni trasporto | Overdriveart","description":"Hai bisogno di logistica opere d\u2019arte sicura e precisa? Scopri il nostro servizio specializzato e richiedi ora una consulenza.","robots":{"index":"index","follow":"follow","max-snippet":"max-snippet:-1","max-image-preview":"max-image-preview:large","max-video-preview":"max-video-preview:-1"},"canonical":"https:\/\/overdriveart.com\/en\/logistica-opere-d-arte\/","og_locale":"en_GB","og_type":"article","og_title":"Logistica opere d\u2019arte: soluzioni su misura per ogni trasporto | Overdriveart","og_description":"Hai bisogno di logistica opere d\u2019arte sicura e precisa? Scopri il nostro servizio specializzato e richiedi ora una consulenza.","og_url":"https:\/\/overdriveart.com\/en\/logistica-opere-d-arte\/","og_site_name":"Overdriveart","article_modified_time":"2025-05-14T13:24:41+00:00","twitter_card":"summary_large_image","twitter_misc":{"Estimated reading time":"4 minutes"},"schema":{"@context":"https:\/\/schema.org","@graph":[{"@type":"WebSite","@id":"https:\/\/overdriveart.com\/#website","url":"https:\/\/overdriveart.com\/","name":"Overdriveart","description":"","potentialAction":[{"@type":"SearchAction","target":{"@type":"EntryPoint","urlTemplate":"https:\/\/overdriveart.com\/?s={search_term_string}"},"query-input":"required name=search_term_string"}],"inLanguage":"en-GB"},{"@type":"WebPage","@id":"https:\/\/overdriveart.com\/logistica-opere-d-arte\/#webpage","url":"https:\/\/overdriveart.com\/logistica-opere-d-arte\/","name":"Logistica opere d\u2019arte: soluzioni su misura per ogni trasporto | Overdriveart","isPartOf":{"@id":"https:\/\/overdriveart.com\/#website"},"datePublished":"2021-05-28T08:52:59+00:00","dateModified":"2025-05-14T13:24:41+00:00","description":"Hai bisogno di logistica opere d\u2019arte sicura e precisa? Scopri il nostro servizio specializzato e richiedi ora una consulenza.","breadcrumb":{"@id":"https:\/\/overdriveart.com\/logistica-opere-d-arte\/#breadcrumb"},"inLanguage":"en-GB","potentialAction":[{"@type":"ReadAction","target":["https:\/\/overdriveart.com\/logistica-opere-d-arte\/"]}]},{"@type":"BreadcrumbList","@id":"https:\/\/overdriveart.com\/logistica-opere-d-arte\/#breadcrumb","itemListElement":[{"@type":"ListItem","position":1,"name":"Home","item":"https:\/\/overdriveart.com\/"},{"@type":"ListItem","position":2,"name":"Trasporti"}]}]}},"_links":{"self":[{"href":"https:\/\/overdriveart.com\/en\/wp-json\/wp\/v2\/pages\/15"}],"collection":[{"href":"https:\/\/overdriveart.com\/en\/wp-json\/wp\/v2\/pages"}],"about":[{"href":"https:\/\/overdriveart.com\/en\/wp-json\/wp\/v2\/types\/page"}],"author":[{"embeddable":true,"href":"https:\/\/overdriveart.com\/en\/wp-json\/wp\/v2\/users\/1"}],"replies":[{"embeddable":true,"href":"https:\/\/overdriveart.com\/en\/wp-json\/wp\/v2\/comments?post=15"}],"version-history":[{"count":38,"href":"https:\/\/overdriveart.com\/en\/wp-json\/wp\/v2\/pages\/15\/revisions"}],"predecessor-version":[{"id":1399,"href":"https:\/\/overdriveart.com\/en\/wp-json\/wp\/v2\/pages\/15\/revisions\/1399"}],"wp:attachment":[{"href":"https:\/\/overdriveart.com\/en\/wp-json\/wp\/v2\/media?parent=15"}],"curies":[{"name":"wp","href":"https:\/\/api.w.org\/{rel}","templated":true}]}}